{"id":624,"date":"2025-07-28T11:34:29","date_gmt":"2025-07-28T09:34:29","guid":{"rendered":"https:\/\/creaperche.fr\/?post_type=product&#038;p=624"},"modified":"2025-07-28T12:03:17","modified_gmt":"2025-07-28T10:03:17","slug":"support-de-cles-mural-modele-famille","status":"publish","type":"product","link":"https:\/\/creaperche.fr\/index.php\/produit\/support-de-cles-mural-modele-famille\/","title":{"rendered":"Support de cl\u00e9s mural &#8211; Mod\u00e8le FAMILLE"},"content":{"rendered":"<p>[et_pb_section fb_built=\u00a0\u00bb1&Prime; _builder_version=\u00a0\u00bb4.16&Prime; custom_padding=\u00a0\u00bb0px||||false|false\u00a0\u00bb global_colors_info=\u00a0\u00bb{}\u00a0\u00bb][et_pb_row _builder_version=\u00a0\u00bb4.16&Prime; background_size=\u00a0\u00bbinitial\u00a0\u00bb background_position=\u00a0\u00bbtop_left\u00a0\u00bb background_repeat=\u00a0\u00bbrepeat\u00a0\u00bb width=\u00a0\u00bb100%\u00a0\u00bb custom_padding=\u00a0\u00bb0px||0px||false|false\u00a0\u00bb global_colors_info=\u00a0\u00bb{}\u00a0\u00bb][et_pb_column type=\u00a0\u00bb4_4&Prime; _builder_version=\u00a0\u00bb4.16&Prime; custom_padding=\u00a0\u00bb|||\u00a0\u00bb global_colors_info=\u00a0\u00bb{}\u00a0\u00bb custom_padding__hover=\u00a0\u00bb|||\u00a0\u00bb][et_pb_wc_breadcrumb _builder_version=\u00a0\u00bb4.16&Prime; global_colors_info=\u00a0\u00bb{}\u00a0\u00bb][\/et_pb_wc_breadcrumb][et_pb_wc_cart_notice _builder_version=\u00a0\u00bb4.16&Prime; global_colors_info=\u00a0\u00bb{}\u00a0\u00bb][\/et_pb_wc_cart_notice][\/et_pb_column][\/et_pb_row][et_pb_row column_structure=\u00a0\u00bb1_2,1_2&Prime; _builder_version=\u00a0\u00bb4.16&Prime; background_size=\u00a0\u00bbinitial\u00a0\u00bb background_position=\u00a0\u00bbtop_left\u00a0\u00bb background_repeat=\u00a0\u00bbrepeat\u00a0\u00bb width=\u00a0\u00bb100%\u00a0\u00bb custom_padding=\u00a0\u00bb0px||||false|false\u00a0\u00bb global_colors_info=\u00a0\u00bb{}\u00a0\u00bb][et_pb_column type=\u00a0\u00bb1_2&Prime; _builder_version=\u00a0\u00bb4.16&Prime; custom_padding=\u00a0\u00bb|||\u00a0\u00bb global_colors_info=\u00a0\u00bb{}\u00a0\u00bb custom_padding__hover=\u00a0\u00bb|||\u00a0\u00bb][et_pb_wc_images _builder_version=\u00a0\u00bb4.16&Prime; global_colors_info=\u00a0\u00bb{}\u00a0\u00bb][\/et_pb_wc_images][\/et_pb_column][et_pb_column type=\u00a0\u00bb1_2&Prime; _builder_version=\u00a0\u00bb4.16&Prime; custom_padding=\u00a0\u00bb|||\u00a0\u00bb global_colors_info=\u00a0\u00bb{}\u00a0\u00bb custom_padding__hover=\u00a0\u00bb|||\u00a0\u00bb][et_pb_wc_title _builder_version=\u00a0\u00bb4.16&Prime; global_colors_info=\u00a0\u00bb{}\u00a0\u00bb][\/et_pb_wc_title][et_pb_wc_price _builder_version=\u00a0\u00bb4.16&Prime; global_colors_info=\u00a0\u00bb{}\u00a0\u00bb][\/et_pb_wc_price][et_pb_wc_description _builder_version=\u00a0\u00bb4.16&Prime; global_colors_info=\u00a0\u00bb{}\u00a0\u00bb][\/et_pb_wc_description][et_pb_wc_add_to_cart _builder_version=\u00a0\u00bb4.16&Prime; global_colors_info=\u00a0\u00bb{}\u00a0\u00bb][\/et_pb_wc_add_to_cart][\/et_pb_column][\/et_pb_row][et_pb_row _builder_version=\u00a0\u00bb4.16&Prime; background_size=\u00a0\u00bbinitial\u00a0\u00bb background_position=\u00a0\u00bbtop_left\u00a0\u00bb background_repeat=\u00a0\u00bbrepeat\u00a0\u00bb width=\u00a0\u00bb100%\u00a0\u00bb global_colors_info=\u00a0\u00bb{}\u00a0\u00bb][et_pb_column type=\u00a0\u00bb4_4&Prime; _builder_version=\u00a0\u00bb4.16&Prime; custom_padding=\u00a0\u00bb|||\u00a0\u00bb global_colors_info=\u00a0\u00bb{}\u00a0\u00bb custom_padding__hover=\u00a0\u00bb|||\u00a0\u00bb][et_pb_wc_upsells _builder_version=\u00a0\u00bb4.16&Prime; global_colors_info=\u00a0\u00bb{}\u00a0\u00bb][\/et_pb_wc_upsells][et_pb_wc_related_products _builder_version=\u00a0\u00bb4.16&Prime; global_colors_info=\u00a0\u00bb{}\u00a0\u00bb][\/et_pb_wc_related_products][\/et_pb_column][\/et_pb_row][\/et_pb_section]<\/p>\n","protected":false},"excerpt":{"rendered":"<div class=\"xdj266r x14z9mp xat24cr x1lziwak x1vvkbs x126k92a\">\n<div dir=\"auto\">\n<div class=\"xdj266r x14z9mp xat24cr x1lziwak x1vvkbs x126k92a\">\n<div dir=\"auto\">\n<div class=\"xdj266r x14z9mp xat24cr x1lziwak x1vvkbs x126k92a\">\n<div dir=\"auto\">\n<div class=\"xdj266r x14z9mp xat24cr x1lziwak x1vvkbs x126k92a\">\n<div dir=\"auto\">\n<div class=\"xdj266r x14z9mp xat24cr x1lziwak x1vvkbs x126k92a\">\n<div dir=\"auto\">\n<div class=\"xdj266r x14z9mp xat24cr x1lziwak x1vvkbs x126k92a\">\n<div dir=\"auto\">\n<div class=\"xdj266r x14z9mp xat24cr x1lziwak x1vvkbs x126k92a\">\n<div dir=\"auto\">\n<div class=\"xdj266r x14z9mp xat24cr x1lziwak x1vvkbs x126k92a\">\n<div dir=\"auto\"><strong data-start=\"96\" data-end=\"161\">\ud83c\udfe1\ud83d\udd11 <\/strong>Alliez praticit\u00e9 et d\u00e9co avec ce porte-cl\u00e9s mural en bois, personnalis\u00e9 avec le nom de votre famille.<\/div>\n<\/div>\n<div dir=\"auto\"><\/div>\n<\/div>\n<\/div>\n<\/div>\n<div dir=\"auto\">\n<div class=\"xdj266r x14z9mp xat24cr x1lziwak x1vvkbs x126k92a\">\n<div dir=\"auto\">\ud83d\udc49 Un accessoire utile et chaleureux \u00e0 installer dans l\u2019entr\u00e9e.<\/div>\n<div dir=\"auto\"><span class=\"html-span xexx8yu xyri2b x18d9i69 x1c1uobl x1hl2dhg x16tdsg8 x1vvkbs x3nfvp2 x1j61x8r x1fcty0u xdj266r xat24cr xm2jcoa x1mpyi22 xxymvpz xlup9mm x1kky2od\"><img loading=\"lazy\" decoding=\"async\" class=\"xz74otr x15mokao x1ga7v0g x16uus16 xbiv7yw\" src=\"https:\/\/static.xx.fbcdn.net\/images\/emoji.php\/v9\/t4c\/1\/16\/1fab5.png\" alt=\"\ud83e\udeb5\" width=\"16\" height=\"16\" \/><\/span> Bois naturel (\u00e9paisseur 5 mm)<\/div>\n<\/div>\n<div dir=\"auto\"><span class=\"html-span xexx8yu xyri2b x18d9i69 x1c1uobl x1hl2dhg x16tdsg8 x1vvkbs x3nfvp2 x1j61x8r x1fcty0u xdj266r xat24cr xm2jcoa x1mpyi22 xxymvpz xlup9mm x1kky2od\"><img loading=\"lazy\" decoding=\"async\" class=\"xz74otr x15mokao x1ga7v0g x16uus16 xbiv7yw\" src=\"https:\/\/static.xx.fbcdn.net\/images\/emoji.php\/v9\/t2f\/1\/16\/1f4cf.png\" alt=\"\ud83d\udccf\" width=\"16\" height=\"16\" \/><\/span> Dimensions : 39 cm x 14 cm (possibilit\u00e9 de r\u00e9duire les dimensions si besoin)<br class=\"html-br\" \/>\ud83d\udddd\ufe0f Maximum 7 crochets<\/div>\n<\/div>\n<\/div>\n<\/div>\n<\/div>\n<\/div>\n<\/div>\n<\/div>\n<\/div>\n<\/div>\n<\/div>\n<\/div>\n<\/div>\n","protected":false},"featured_media":628,"template":"","meta":{"_et_pb_use_builder":"on","_et_pb_old_content":"","_et_gb_content_width":""},"product_brand":[],"product_cat":[20],"product_tag":[193,194,195,196,198,197],"class_list":{"0":"post-624","1":"product","2":"type-product","3":"status-publish","4":"has-post-thumbnail","6":"product_cat-decoration-murale","7":"product_tag-cle","8":"product_tag-cles","9":"product_tag-porte-cle","10":"product_tag-porte-cles","11":"product_tag-support-cle","12":"product_tag-support-mural","14":"first","15":"instock","16":"taxable","17":"shipping-taxable","18":"purchasable","19":"product-type-variable"},"yoast_head":"<!-- This site is optimized with the Yoast SEO plugin v27.0 - https:\/\/yoast.com\/product\/yoast-seo-wordpress\/ -->\n<title>Support de cl\u00e9s mural - Mod\u00e8le FAMILLE - Cr\u00e9a Perche<\/title>\n<meta name=\"robots\" content=\"index, follow, max-snippet:-1, max-image-preview:large, max-video-preview:-1\" \/>\n<link rel=\"canonical\" href=\"https:\/\/creaperche.fr\/index.php\/produit\/support-de-cles-mural-modele-famille\/\" \/>\n<meta property=\"og:locale\" content=\"fr_FR\" \/>\n<meta property=\"og:type\" content=\"article\" \/>\n<meta property=\"og:title\" content=\"Support de cl\u00e9s mural - Mod\u00e8le FAMILLE - Cr\u00e9a Perche\" \/>\n<meta property=\"og:description\" content=\"\ud83c\udfe1\ud83d\udd11 Alliez praticit\u00e9 et d\u00e9co avec ce porte-cl\u00e9s mural en bois, personnalis\u00e9 avec le nom de votre famille.        \ud83d\udc49 Un accessoire utile et chaleureux \u00e0 installer dans l\u2019entr\u00e9e.  Bois naturel (\u00e9paisseur 5 mm)   Dimensions : 39 cm x 14 cm (possibilit\u00e9 de r\u00e9duire les dimensions si besoin)\ud83d\udddd\ufe0f Maximum 7 crochets\" \/>\n<meta property=\"og:url\" content=\"https:\/\/creaperche.fr\/index.php\/produit\/support-de-cles-mural-modele-famille\/\" \/>\n<meta property=\"og:site_name\" content=\"Cr\u00e9a Perche\" \/>\n<meta property=\"article:modified_time\" content=\"2025-07-28T10:03:17+00:00\" \/>\n<meta property=\"og:image\" content=\"https:\/\/creaperche.fr\/wp-content\/uploads\/2025\/07\/7ea4ece8-f748-40da-9ed4-d26967fdbf46.jpg\" \/>\n\t<meta property=\"og:image:width\" content=\"1528\" \/>\n\t<meta property=\"og:image:height\" content=\"1528\" \/>\n\t<meta property=\"og:image:type\" content=\"image\/jpeg\" \/>\n<meta name=\"twitter:card\" content=\"summary_large_image\" \/>\n<meta name=\"twitter:label1\" content=\"Dur\u00e9e de lecture estim\u00e9e\" \/>\n\t<meta name=\"twitter:data1\" content=\"1 minute\" \/>\n<script type=\"application\/ld+json\" class=\"yoast-schema-graph\">{\"@context\":\"https:\/\/schema.org\",\"@graph\":[{\"@type\":\"WebPage\",\"@id\":\"https:\/\/creaperche.fr\/index.php\/produit\/support-de-cles-mural-modele-famille\/\",\"url\":\"https:\/\/creaperche.fr\/index.php\/produit\/support-de-cles-mural-modele-famille\/\",\"name\":\"Support de cl\u00e9s mural - Mod\u00e8le FAMILLE - Cr\u00e9a Perche\",\"isPartOf\":{\"@id\":\"https:\/\/creaperche.fr\/#website\"},\"primaryImageOfPage\":{\"@id\":\"https:\/\/creaperche.fr\/index.php\/produit\/support-de-cles-mural-modele-famille\/#primaryimage\"},\"image\":{\"@id\":\"https:\/\/creaperche.fr\/index.php\/produit\/support-de-cles-mural-modele-famille\/#primaryimage\"},\"thumbnailUrl\":\"https:\/\/creaperche.fr\/wp-content\/uploads\/2025\/07\/7ea4ece8-f748-40da-9ed4-d26967fdbf46.jpg\",\"datePublished\":\"2025-07-28T09:34:29+00:00\",\"dateModified\":\"2025-07-28T10:03:17+00:00\",\"breadcrumb\":{\"@id\":\"https:\/\/creaperche.fr\/index.php\/produit\/support-de-cles-mural-modele-famille\/#breadcrumb\"},\"inLanguage\":\"fr-FR\",\"potentialAction\":[{\"@type\":\"ReadAction\",\"target\":[\"https:\/\/creaperche.fr\/index.php\/produit\/support-de-cles-mural-modele-famille\/\"]}]},{\"@type\":\"ImageObject\",\"inLanguage\":\"fr-FR\",\"@id\":\"https:\/\/creaperche.fr\/index.php\/produit\/support-de-cles-mural-modele-famille\/#primaryimage\",\"url\":\"https:\/\/creaperche.fr\/wp-content\/uploads\/2025\/07\/7ea4ece8-f748-40da-9ed4-d26967fdbf46.jpg\",\"contentUrl\":\"https:\/\/creaperche.fr\/wp-content\/uploads\/2025\/07\/7ea4ece8-f748-40da-9ed4-d26967fdbf46.jpg\",\"width\":1528,\"height\":1528,\"caption\":\"support mural de cl\u00e9s en bois personnalis\u00e9 famille\"},{\"@type\":\"BreadcrumbList\",\"@id\":\"https:\/\/creaperche.fr\/index.php\/produit\/support-de-cles-mural-modele-famille\/#breadcrumb\",\"itemListElement\":[{\"@type\":\"ListItem\",\"position\":1,\"name\":\"Accueil\",\"item\":\"https:\/\/creaperche.fr\/\"},{\"@type\":\"ListItem\",\"position\":2,\"name\":\"Boutique\",\"item\":\"https:\/\/creaperche.fr\/index.php\/boutique\/\"},{\"@type\":\"ListItem\",\"position\":3,\"name\":\"Support de cl\u00e9s mural &#8211; Mod\u00e8le FAMILLE\"}]},{\"@type\":\"WebSite\",\"@id\":\"https:\/\/creaperche.fr\/#website\",\"url\":\"https:\/\/creaperche.fr\/\",\"name\":\"Cr\u00e9a Perche\",\"description\":\"boutique de cr\u00e9ations bois personnalis\u00e9es\",\"publisher\":{\"@id\":\"https:\/\/creaperche.fr\/#organization\"},\"potentialAction\":[{\"@type\":\"SearchAction\",\"target\":{\"@type\":\"EntryPoint\",\"urlTemplate\":\"https:\/\/creaperche.fr\/?s={search_term_string}\"},\"query-input\":{\"@type\":\"PropertyValueSpecification\",\"valueRequired\":true,\"valueName\":\"search_term_string\"}}],\"inLanguage\":\"fr-FR\"},{\"@type\":\"Organization\",\"@id\":\"https:\/\/creaperche.fr\/#organization\",\"name\":\"Cr\u00e9a Perche\",\"url\":\"https:\/\/creaperche.fr\/\",\"logo\":{\"@type\":\"ImageObject\",\"inLanguage\":\"fr-FR\",\"@id\":\"https:\/\/creaperche.fr\/#\/schema\/logo\/image\/\",\"url\":\"https:\/\/creaperche.fr\/wp-content\/uploads\/2025\/01\/logo-CreaPerche_512X512.png\",\"contentUrl\":\"https:\/\/creaperche.fr\/wp-content\/uploads\/2025\/01\/logo-CreaPerche_512X512.png\",\"width\":512,\"height\":512,\"caption\":\"Cr\u00e9a Perche\"},\"image\":{\"@id\":\"https:\/\/creaperche.fr\/#\/schema\/logo\/image\/\"}}]}<\/script>\n<!-- \/ Yoast SEO plugin. -->","yoast_head_json":{"title":"Support de cl\u00e9s mural - Mod\u00e8le FAMILLE - Cr\u00e9a Perche","robots":{"index":"index","follow":"follow","max-snippet":"max-snippet:-1","max-image-preview":"max-image-preview:large","max-video-preview":"max-video-preview:-1"},"canonical":"https:\/\/creaperche.fr\/index.php\/produit\/support-de-cles-mural-modele-famille\/","og_locale":"fr_FR","og_type":"article","og_title":"Support de cl\u00e9s mural - Mod\u00e8le FAMILLE - Cr\u00e9a Perche","og_description":"\ud83c\udfe1\ud83d\udd11 Alliez praticit\u00e9 et d\u00e9co avec ce porte-cl\u00e9s mural en bois, personnalis\u00e9 avec le nom de votre famille.        \ud83d\udc49 Un accessoire utile et chaleureux \u00e0 installer dans l\u2019entr\u00e9e.  Bois naturel (\u00e9paisseur 5 mm)   Dimensions : 39 cm x 14 cm (possibilit\u00e9 de r\u00e9duire les dimensions si besoin)\ud83d\udddd\ufe0f Maximum 7 crochets","og_url":"https:\/\/creaperche.fr\/index.php\/produit\/support-de-cles-mural-modele-famille\/","og_site_name":"Cr\u00e9a Perche","article_modified_time":"2025-07-28T10:03:17+00:00","og_image":[{"width":1528,"height":1528,"url":"https:\/\/creaperche.fr\/wp-content\/uploads\/2025\/07\/7ea4ece8-f748-40da-9ed4-d26967fdbf46.jpg","type":"image\/jpeg"}],"twitter_card":"summary_large_image","twitter_misc":{"Dur\u00e9e de lecture estim\u00e9e":"1 minute"},"schema":{"@context":"https:\/\/schema.org","@graph":[{"@type":"WebPage","@id":"https:\/\/creaperche.fr\/index.php\/produit\/support-de-cles-mural-modele-famille\/","url":"https:\/\/creaperche.fr\/index.php\/produit\/support-de-cles-mural-modele-famille\/","name":"Support de cl\u00e9s mural - Mod\u00e8le FAMILLE - Cr\u00e9a Perche","isPartOf":{"@id":"https:\/\/creaperche.fr\/#website"},"primaryImageOfPage":{"@id":"https:\/\/creaperche.fr\/index.php\/produit\/support-de-cles-mural-modele-famille\/#primaryimage"},"image":{"@id":"https:\/\/creaperche.fr\/index.php\/produit\/support-de-cles-mural-modele-famille\/#primaryimage"},"thumbnailUrl":"https:\/\/creaperche.fr\/wp-content\/uploads\/2025\/07\/7ea4ece8-f748-40da-9ed4-d26967fdbf46.jpg","datePublished":"2025-07-28T09:34:29+00:00","dateModified":"2025-07-28T10:03:17+00:00","breadcrumb":{"@id":"https:\/\/creaperche.fr\/index.php\/produit\/support-de-cles-mural-modele-famille\/#breadcrumb"},"inLanguage":"fr-FR","potentialAction":[{"@type":"ReadAction","target":["https:\/\/creaperche.fr\/index.php\/produit\/support-de-cles-mural-modele-famille\/"]}]},{"@type":"ImageObject","inLanguage":"fr-FR","@id":"https:\/\/creaperche.fr\/index.php\/produit\/support-de-cles-mural-modele-famille\/#primaryimage","url":"https:\/\/creaperche.fr\/wp-content\/uploads\/2025\/07\/7ea4ece8-f748-40da-9ed4-d26967fdbf46.jpg","contentUrl":"https:\/\/creaperche.fr\/wp-content\/uploads\/2025\/07\/7ea4ece8-f748-40da-9ed4-d26967fdbf46.jpg","width":1528,"height":1528,"caption":"support mural de cl\u00e9s en bois personnalis\u00e9 famille"},{"@type":"BreadcrumbList","@id":"https:\/\/creaperche.fr\/index.php\/produit\/support-de-cles-mural-modele-famille\/#breadcrumb","itemListElement":[{"@type":"ListItem","position":1,"name":"Accueil","item":"https:\/\/creaperche.fr\/"},{"@type":"ListItem","position":2,"name":"Boutique","item":"https:\/\/creaperche.fr\/index.php\/boutique\/"},{"@type":"ListItem","position":3,"name":"Support de cl\u00e9s mural &#8211; Mod\u00e8le FAMILLE"}]},{"@type":"WebSite","@id":"https:\/\/creaperche.fr\/#website","url":"https:\/\/creaperche.fr\/","name":"Cr\u00e9a Perche","description":"boutique de cr\u00e9ations bois personnalis\u00e9es","publisher":{"@id":"https:\/\/creaperche.fr\/#organization"},"potentialAction":[{"@type":"SearchAction","target":{"@type":"EntryPoint","urlTemplate":"https:\/\/creaperche.fr\/?s={search_term_string}"},"query-input":{"@type":"PropertyValueSpecification","valueRequired":true,"valueName":"search_term_string"}}],"inLanguage":"fr-FR"},{"@type":"Organization","@id":"https:\/\/creaperche.fr\/#organization","name":"Cr\u00e9a Perche","url":"https:\/\/creaperche.fr\/","logo":{"@type":"ImageObject","inLanguage":"fr-FR","@id":"https:\/\/creaperche.fr\/#\/schema\/logo\/image\/","url":"https:\/\/creaperche.fr\/wp-content\/uploads\/2025\/01\/logo-CreaPerche_512X512.png","contentUrl":"https:\/\/creaperche.fr\/wp-content\/uploads\/2025\/01\/logo-CreaPerche_512X512.png","width":512,"height":512,"caption":"Cr\u00e9a Perche"},"image":{"@id":"https:\/\/creaperche.fr\/#\/schema\/logo\/image\/"}}]}},"jetpack_sharing_enabled":true,"_links":{"self":[{"href":"https:\/\/creaperche.fr\/index.php\/wp-json\/wp\/v2\/product\/624","targetHints":{"allow":["GET"]}}],"collection":[{"href":"https:\/\/creaperche.fr\/index.php\/wp-json\/wp\/v2\/product"}],"about":[{"href":"https:\/\/creaperche.fr\/index.php\/wp-json\/wp\/v2\/types\/product"}],"wp:featuredmedia":[{"embeddable":true,"href":"https:\/\/creaperche.fr\/index.php\/wp-json\/wp\/v2\/media\/628"}],"wp:attachment":[{"href":"https:\/\/creaperche.fr\/index.php\/wp-json\/wp\/v2\/media?parent=624"}],"wp:term":[{"taxonomy":"product_brand","embeddable":true,"href":"https:\/\/creaperche.fr\/index.php\/wp-json\/wp\/v2\/product_brand?post=624"},{"taxonomy":"product_cat","embeddable":true,"href":"https:\/\/creaperche.fr\/index.php\/wp-json\/wp\/v2\/product_cat?post=624"},{"taxonomy":"product_tag","embeddable":true,"href":"https:\/\/creaperche.fr\/index.php\/wp-json\/wp\/v2\/product_tag?post=624"}],"curies":[{"name":"wp","href":"https:\/\/api.w.org\/{rel}","templated":true}]}}