{"id":35,"date":"2025-05-14T17:16:03","date_gmt":"2025-05-14T15:16:03","guid":{"rendered":"https:\/\/creaperche.fr\/index.php\/panier\/"},"modified":"2025-08-01T22:24:39","modified_gmt":"2025-08-01T20:24:39","slug":"panier","status":"publish","type":"page","link":"https:\/\/creaperche.fr\/index.php\/panier\/","title":{"rendered":"Panier"},"content":{"rendered":"\n<div data-block-name=\"woocommerce\/cart\" class=\"wp-block-woocommerce-cart alignwide is-loading\">\n<div data-block-name=\"woocommerce\/filled-cart-block\" class=\"wp-block-woocommerce-filled-cart-block\">\n<div data-block-name=\"woocommerce\/cart-items-block\" class=\"wp-block-woocommerce-cart-items-block\">\n<div data-block-name=\"woocommerce\/cart-line-items-block\" class=\"wp-block-woocommerce-cart-line-items-block\"><\/div>\n\n\n\n<div data-block-name=\"woocommerce\/cart-cross-sells-block\" class=\"wp-block-woocommerce-cart-cross-sells-block\">\n<h2 class=\"wp-block-heading has-large-font-size\">\u00c7a peut vous int\u00e9resser&#8230;<\/h2>\n\n\n\n<div data-block-name=\"woocommerce\/cart-cross-sells-products-block\" class=\"wp-block-woocommerce-cart-cross-sells-products-block\"><\/div>\n<\/div>\n<\/div>\n\n\n\n<div data-block-name=\"woocommerce\/cart-totals-block\" class=\"wp-block-woocommerce-cart-totals-block\">\n<div data-block-name=\"woocommerce\/cart-order-summary-block\" class=\"wp-block-woocommerce-cart-order-summary-block\">\n<div data-block-name=\"woocommerce\/cart-order-summary-heading-block\" class=\"wp-block-woocommerce-cart-order-summary-heading-block\"><\/div><div data-block-name=\"woocommerce\/cart-order-summary-coupon-form-block\" class=\"wp-block-woocommerce-cart-order-summary-coupon-form-block\"><\/div><div data-block-name=\"woocommerce\/cart-order-summary-totals-block\" class=\"wp-block-woocommerce-cart-order-summary-totals-block\">\n<div data-block-name=\"woocommerce\/cart-order-summary-subtotal-block\" class=\"wp-block-woocommerce-cart-order-summary-subtotal-block\"><\/div>\n<div data-block-name=\"woocommerce\/cart-order-summary-discount-block\" class=\"wp-block-woocommerce-cart-order-summary-discount-block\"><\/div>\n<div data-block-name=\"woocommerce\/cart-order-summary-fee-block\" class=\"wp-block-woocommerce-cart-order-summary-fee-block\"><\/div>\n<div data-block-name=\"woocommerce\/cart-order-summary-shipping-block\" class=\"wp-block-woocommerce-cart-order-summary-shipping-block\"><\/div>\n<div data-block-name=\"woocommerce\/cart-order-summary-taxes-block\" class=\"wp-block-woocommerce-cart-order-summary-taxes-block\"><\/div><\/div>\n<\/div>\n\n\n\n<div data-block-name=\"woocommerce\/cart-express-payment-block\" class=\"wp-block-woocommerce-cart-express-payment-block\"><\/div>\n\n\n\n<div data-block-name=\"woocommerce\/proceed-to-checkout-block\" class=\"wp-block-woocommerce-proceed-to-checkout-block\"><\/div>\n\n\n\n<div data-block-name=\"woocommerce\/cart-accepted-payment-methods-block\" class=\"wp-block-woocommerce-cart-accepted-payment-methods-block\"><\/div>\n<\/div>\n<\/div>\n\n\n\n<div data-block-name=\"woocommerce\/empty-cart-block\" class=\"wp-block-woocommerce-empty-cart-block\">\n<h2 class=\"wp-block-heading has-text-align-center with-empty-cart-icon wc-block-cart__empty-cart__title\">Votre panier est actuellement vide\u00a0!<\/h2>\n\n\n\n<hr class=\"wp-block-separator has-alpha-channel-opacity is-style-dots\"\/>\n\n\n\n<h2 class=\"wp-block-heading has-text-align-center\">Nouveau dans la boutique<\/h2>\n\n\n<div data-block-name=\"woocommerce\/product-new\" data-columns=\"4\" data-rows=\"1\" class=\"wc-block-grid wp-block-product-new wp-block-woocommerce-product-new wc-block-product-new has-4-columns\"><ul class=\"wc-block-grid__products\"><li class=\"wc-block-grid__product\">\n\t\t\t\t<a href=\"https:\/\/creaperche.fr\/index.php\/produit\/planche-apero-maxi-personnalisee\/\" class=\"wc-block-grid__product-link\">\n\t\t\t\t\t\n\t\t\t\t\t<div class=\"wc-block-grid__product-image\"><img loading=\"lazy\" decoding=\"async\" width=\"300\" height=\"300\" src=\"https:\/\/creaperche.fr\/wp-content\/uploads\/2025\/11\/WhatsApp-Image-2025-11-05-at-16.53.30-300x300.jpeg\" class=\"attachment-woocommerce_thumbnail size-woocommerce_thumbnail\" alt=\"comparaison tailles planches ap\u00e9ro et planche ap\u00e9ro maxi\" \/><\/div>\n\t\t\t\t\t<div class=\"wc-block-grid__product-title\">Planche ap\u00e9ro Maxi personnalis\u00e9e<\/div>\n\t\t\t\t<\/a>\n\t\t\t\t<div class=\"wc-block-grid__product-price price\"><span class=\"woocommerce-Price-amount amount\">45,00&nbsp;<span class=\"woocommerce-Price-currencySymbol\">&euro;<\/span><\/span><\/div>\n\t\t\t\t\n\t\t\t\t<div class=\"wp-block-button wc-block-grid__product-add-to-cart\"><a href=\"https:\/\/creaperche.fr\/index.php\/produit\/planche-apero-maxi-personnalisee\/\" aria-label=\"Ajouter au panier\u00a0: &ldquo;Planche ap\u00e9ro Maxi personnalis\u00e9e&rdquo;\" data-quantity=\"1\" data-product_id=\"1083\" data-product_sku=\"\" data-price=\"45\" rel=\"nofollow\" class=\"wp-block-button__link  add_to_cart_button\">Select options<\/a><\/div>\n\t\t\t<\/li><li class=\"wc-block-grid__product\">\n\t\t\t\t<a href=\"https:\/\/creaperche.fr\/index.php\/produit\/planche-apero-personnalisee-2\/\" class=\"wc-block-grid__product-link\">\n\t\t\t\t\t\n\t\t\t\t\t<div class=\"wc-block-grid__product-image\"><img loading=\"lazy\" decoding=\"async\" width=\"300\" height=\"300\" src=\"https:\/\/creaperche.fr\/wp-content\/uploads\/2025\/08\/WhatsApp-Image-2025-10-31-at-17.21.39-300x300.jpeg\" class=\"attachment-woocommerce_thumbnail size-woocommerce_thumbnail\" alt=\"planche ap\u00e9ro en bois personnalis\u00e9e - Chez nous le bonheur est fait maison\" \/><\/div>\n\t\t\t\t\t<div class=\"wc-block-grid__product-title\">Planche ap\u00e9ro personnalis\u00e9e<\/div>\n\t\t\t\t<\/a>\n\t\t\t\t<div class=\"wc-block-grid__product-price price\"><span class=\"woocommerce-Price-amount amount\">25,00&nbsp;<span class=\"woocommerce-Price-currencySymbol\">&euro;<\/span><\/span><\/div>\n\t\t\t\t\n\t\t\t\t<div class=\"wp-block-button wc-block-grid__product-add-to-cart\"><a href=\"https:\/\/creaperche.fr\/index.php\/produit\/planche-apero-personnalisee-2\/\" aria-label=\"Ajouter au panier\u00a0: &ldquo;Planche ap\u00e9ro personnalis\u00e9e&rdquo;\" data-quantity=\"1\" data-product_id=\"1076\" data-product_sku=\"\" data-price=\"25\" rel=\"nofollow\" class=\"wp-block-button__link  add_to_cart_button\">Select options<\/a><\/div>\n\t\t\t<\/li><li class=\"wc-block-grid__product\">\n\t\t\t\t<a href=\"https:\/\/creaperche.fr\/index.php\/produit\/support-de-chaussettes-de-noel\/\" class=\"wc-block-grid__product-link\">\n\t\t\t\t\t\n\t\t\t\t\t<div class=\"wc-block-grid__product-image\"><img loading=\"lazy\" decoding=\"async\" width=\"300\" height=\"300\" src=\"https:\/\/creaperche.fr\/wp-content\/uploads\/2025\/10\/20231220_111503-300x300.jpg\" class=\"attachment-woocommerce_thumbnail size-woocommerce_thumbnail\" alt=\"support de chaussettes de No\u00ebl personnalis\u00e9\" \/><\/div>\n\t\t\t\t\t<div class=\"wc-block-grid__product-title\">Support de chaussettes de No\u00ebl<\/div>\n\t\t\t\t<\/a>\n\t\t\t\t<div class=\"wc-block-grid__product-price price\"><span class=\"woocommerce-Price-amount amount\">45,00&nbsp;<span class=\"woocommerce-Price-currencySymbol\">&euro;<\/span><\/span><\/div>\n\t\t\t\t\n\t\t\t\t<div class=\"wp-block-button wc-block-grid__product-add-to-cart\"><a href=\"https:\/\/creaperche.fr\/index.php\/produit\/support-de-chaussettes-de-noel\/\" aria-label=\"Ajouter au panier\u00a0: &ldquo;Support de chaussettes de No\u00ebl&rdquo;\" data-quantity=\"1\" data-product_id=\"1060\" data-product_sku=\"\" data-price=\"45\" rel=\"nofollow\" class=\"wp-block-button__link  add_to_cart_button\">Select options<\/a><\/div>\n\t\t\t<\/li><li class=\"wc-block-grid__product\">\n\t\t\t\t<a href=\"https:\/\/creaperche.fr\/index.php\/produit\/couronne-prenom-elephant-copie\/\" class=\"wc-block-grid__product-link\">\n\t\t\t\t\t\n\t\t\t\t\t<div class=\"wc-block-grid__product-image\"><img loading=\"lazy\" decoding=\"async\" width=\"300\" height=\"300\" src=\"https:\/\/creaperche.fr\/wp-content\/uploads\/2025\/10\/20231129_102503-300x300.jpg\" class=\"attachment-woocommerce_thumbnail size-woocommerce_thumbnail\" alt=\"Couronne Joyeux No\u00ebl en bois\" \/><\/div>\n\t\t\t\t\t<div class=\"wc-block-grid__product-title\">Couronne Joyeux No\u00ebl<\/div>\n\t\t\t\t<\/a>\n\t\t\t\t<div class=\"wc-block-grid__product-price price\"><span class=\"woocommerce-Price-amount amount\" aria-hidden=\"true\">22,00&nbsp;<span class=\"woocommerce-Price-currencySymbol\">&euro;<\/span><\/span> <span aria-hidden=\"true\">\u00a0\u2013\u00a0<\/span> <span class=\"woocommerce-Price-amount amount\" aria-hidden=\"true\">45,00&nbsp;<span class=\"woocommerce-Price-currencySymbol\">&euro;<\/span><\/span><span class=\"screen-reader-text\">Plage de prix\u00a0: 22,00&nbsp;&euro; \u00e0 45,00&nbsp;&euro;<\/span><\/div>\n\t\t\t\t\n\t\t\t\t<div class=\"wp-block-button wc-block-grid__product-add-to-cart\"><a href=\"https:\/\/creaperche.fr\/index.php\/produit\/couronne-prenom-elephant-copie\/\" aria-label=\"S\u00e9lectionner les options pour &ldquo;Couronne Joyeux No\u00ebl&rdquo;\" data-quantity=\"1\" data-product_id=\"1056\" data-product_sku=\"\" data-price=\"22\" rel=\"nofollow\" class=\"wp-block-button__link  add_to_cart_button\">Choix des options<\/a><\/div>\n\t\t\t<\/li><\/ul><\/div><\/div>\n<\/div>\n","protected":false},"excerpt":{"rendered":"","protected":false},"author":2,"featured_media":0,"parent":0,"menu_order":0,"comment_status":"closed","ping_status":"closed","template":"","meta":{"_et_pb_use_builder":"","_et_pb_old_content":"","_et_gb_content_width":"","footnotes":""},"class_list":["post-35","page","type-page","status-publish","hentry"],"yoast_head":"<!-- This site is optimized with the Yoast SEO plugin v27.0 - https:\/\/yoast.com\/product\/yoast-seo-wordpress\/ -->\n<title>Panier - Cr\u00e9a Perche<\/title>\n<meta name=\"robots\" content=\"index, follow, max-snippet:-1, max-image-preview:large, max-video-preview:-1\" \/>\n<link rel=\"canonical\" href=\"https:\/\/creaperche.fr\/index.php\/panier\/\" \/>\n<meta property=\"og:locale\" content=\"fr_FR\" \/>\n<meta property=\"og:type\" content=\"article\" \/>\n<meta property=\"og:title\" content=\"Panier - Cr\u00e9a Perche\" \/>\n<meta property=\"og:url\" content=\"https:\/\/creaperche.fr\/index.php\/panier\/\" \/>\n<meta property=\"og:site_name\" content=\"Cr\u00e9a Perche\" \/>\n<meta property=\"article:modified_time\" content=\"2025-08-01T20:24:39+00:00\" \/>\n<meta property=\"og:image\" content=\"https:\/\/creaperche.fr\/wp-content\/uploads\/2025\/01\/logo-CreaPerche_512X512.png\" \/>\n\t<meta property=\"og:image:width\" content=\"512\" \/>\n\t<meta property=\"og:image:height\" content=\"512\" \/>\n\t<meta property=\"og:image:type\" content=\"image\/png\" \/>\n<meta name=\"twitter:card\" content=\"summary_large_image\" \/>\n<script type=\"application\/ld+json\" class=\"yoast-schema-graph\">{\"@context\":\"https:\/\/schema.org\",\"@graph\":[{\"@type\":\"WebPage\",\"@id\":\"https:\/\/creaperche.fr\/index.php\/panier\/\",\"url\":\"https:\/\/creaperche.fr\/index.php\/panier\/\",\"name\":\"Panier - Cr\u00e9a Perche\",\"isPartOf\":{\"@id\":\"https:\/\/creaperche.fr\/#website\"},\"datePublished\":\"2025-05-14T15:16:03+00:00\",\"dateModified\":\"2025-08-01T20:24:39+00:00\",\"breadcrumb\":{\"@id\":\"https:\/\/creaperche.fr\/index.php\/panier\/#breadcrumb\"},\"inLanguage\":\"fr-FR\",\"potentialAction\":[{\"@type\":\"ReadAction\",\"target\":[\"https:\/\/creaperche.fr\/index.php\/panier\/\"]}]},{\"@type\":\"BreadcrumbList\",\"@id\":\"https:\/\/creaperche.fr\/index.php\/panier\/#breadcrumb\",\"itemListElement\":[{\"@type\":\"ListItem\",\"position\":1,\"name\":\"Accueil\",\"item\":\"https:\/\/creaperche.fr\/\"},{\"@type\":\"ListItem\",\"position\":2,\"name\":\"Panier\"}]},{\"@type\":\"WebSite\",\"@id\":\"https:\/\/creaperche.fr\/#website\",\"url\":\"https:\/\/creaperche.fr\/\",\"name\":\"Cr\u00e9a Perche\",\"description\":\"boutique de cr\u00e9ations bois personnalis\u00e9es\",\"publisher\":{\"@id\":\"https:\/\/creaperche.fr\/#organization\"},\"potentialAction\":[{\"@type\":\"SearchAction\",\"target\":{\"@type\":\"EntryPoint\",\"urlTemplate\":\"https:\/\/creaperche.fr\/?s={search_term_string}\"},\"query-input\":{\"@type\":\"PropertyValueSpecification\",\"valueRequired\":true,\"valueName\":\"search_term_string\"}}],\"inLanguage\":\"fr-FR\"},{\"@type\":\"Organization\",\"@id\":\"https:\/\/creaperche.fr\/#organization\",\"name\":\"Cr\u00e9a Perche\",\"url\":\"https:\/\/creaperche.fr\/\",\"logo\":{\"@type\":\"ImageObject\",\"inLanguage\":\"fr-FR\",\"@id\":\"https:\/\/creaperche.fr\/#\/schema\/logo\/image\/\",\"url\":\"https:\/\/creaperche.fr\/wp-content\/uploads\/2025\/01\/logo-CreaPerche_512X512.png\",\"contentUrl\":\"https:\/\/creaperche.fr\/wp-content\/uploads\/2025\/01\/logo-CreaPerche_512X512.png\",\"width\":512,\"height\":512,\"caption\":\"Cr\u00e9a Perche\"},\"image\":{\"@id\":\"https:\/\/creaperche.fr\/#\/schema\/logo\/image\/\"}}]}<\/script>\n<!-- \/ Yoast SEO plugin. -->","yoast_head_json":{"title":"Panier - Cr\u00e9a Perche","robots":{"index":"index","follow":"follow","max-snippet":"max-snippet:-1","max-image-preview":"max-image-preview:large","max-video-preview":"max-video-preview:-1"},"canonical":"https:\/\/creaperche.fr\/index.php\/panier\/","og_locale":"fr_FR","og_type":"article","og_title":"Panier - Cr\u00e9a Perche","og_url":"https:\/\/creaperche.fr\/index.php\/panier\/","og_site_name":"Cr\u00e9a Perche","article_modified_time":"2025-08-01T20:24:39+00:00","og_image":[{"width":512,"height":512,"url":"https:\/\/creaperche.fr\/wp-content\/uploads\/2025\/01\/logo-CreaPerche_512X512.png","type":"image\/png"}],"twitter_card":"summary_large_image","schema":{"@context":"https:\/\/schema.org","@graph":[{"@type":"WebPage","@id":"https:\/\/creaperche.fr\/index.php\/panier\/","url":"https:\/\/creaperche.fr\/index.php\/panier\/","name":"Panier - Cr\u00e9a Perche","isPartOf":{"@id":"https:\/\/creaperche.fr\/#website"},"datePublished":"2025-05-14T15:16:03+00:00","dateModified":"2025-08-01T20:24:39+00:00","breadcrumb":{"@id":"https:\/\/creaperche.fr\/index.php\/panier\/#breadcrumb"},"inLanguage":"fr-FR","potentialAction":[{"@type":"ReadAction","target":["https:\/\/creaperche.fr\/index.php\/panier\/"]}]},{"@type":"BreadcrumbList","@id":"https:\/\/creaperche.fr\/index.php\/panier\/#breadcrumb","itemListElement":[{"@type":"ListItem","position":1,"name":"Accueil","item":"https:\/\/creaperche.fr\/"},{"@type":"ListItem","position":2,"name":"Panier"}]},{"@type":"WebSite","@id":"https:\/\/creaperche.fr\/#website","url":"https:\/\/creaperche.fr\/","name":"Cr\u00e9a Perche","description":"boutique de cr\u00e9ations bois personnalis\u00e9es","publisher":{"@id":"https:\/\/creaperche.fr\/#organization"},"potentialAction":[{"@type":"SearchAction","target":{"@type":"EntryPoint","urlTemplate":"https:\/\/creaperche.fr\/?s={search_term_string}"},"query-input":{"@type":"PropertyValueSpecification","valueRequired":true,"valueName":"search_term_string"}}],"inLanguage":"fr-FR"},{"@type":"Organization","@id":"https:\/\/creaperche.fr\/#organization","name":"Cr\u00e9a Perche","url":"https:\/\/creaperche.fr\/","logo":{"@type":"ImageObject","inLanguage":"fr-FR","@id":"https:\/\/creaperche.fr\/#\/schema\/logo\/image\/","url":"https:\/\/creaperche.fr\/wp-content\/uploads\/2025\/01\/logo-CreaPerche_512X512.png","contentUrl":"https:\/\/creaperche.fr\/wp-content\/uploads\/2025\/01\/logo-CreaPerche_512X512.png","width":512,"height":512,"caption":"Cr\u00e9a Perche"},"image":{"@id":"https:\/\/creaperche.fr\/#\/schema\/logo\/image\/"}}]}},"jetpack_sharing_enabled":true,"_links":{"self":[{"href":"https:\/\/creaperche.fr\/index.php\/wp-json\/wp\/v2\/pages\/35","targetHints":{"allow":["GET"]}}],"collection":[{"href":"https:\/\/creaperche.fr\/index.php\/wp-json\/wp\/v2\/pages"}],"about":[{"href":"https:\/\/creaperche.fr\/index.php\/wp-json\/wp\/v2\/types\/page"}],"author":[{"embeddable":true,"href":"https:\/\/creaperche.fr\/index.php\/wp-json\/wp\/v2\/users\/2"}],"replies":[{"embeddable":true,"href":"https:\/\/creaperche.fr\/index.php\/wp-json\/wp\/v2\/comments?post=35"}],"version-history":[{"count":1,"href":"https:\/\/creaperche.fr\/index.php\/wp-json\/wp\/v2\/pages\/35\/revisions"}],"predecessor-version":[{"id":104,"href":"https:\/\/creaperche.fr\/index.php\/wp-json\/wp\/v2\/pages\/35\/revisions\/104"}],"wp:attachment":[{"href":"https:\/\/creaperche.fr\/index.php\/wp-json\/wp\/v2\/media?parent=35"}],"curies":[{"name":"wp","href":"https:\/\/api.w.org\/{rel}","templated":true}]}}