{"id":196,"date":"2025-06-10T17:09:21","date_gmt":"2025-06-10T15:09:21","guid":{"rendered":"https:\/\/creaperche.fr\/?page_id=196"},"modified":"2025-10-29T16:45:53","modified_gmt":"2025-10-29T15:45:53","slug":"politique-de-confidentialite-2","status":"publish","type":"page","link":"https:\/\/creaperche.fr\/index.php\/politique-de-confidentialite-2\/","title":{"rendered":"Politique de confidentialit\u00e9"},"content":{"rendered":"[et_pb_section fb_built=\u00a0\u00bb1&Prime; admin_label=\u00a0\u00bbsection\u00a0\u00bb _builder_version=\u00a0\u00bb4.16&Prime; global_colors_info=\u00a0\u00bb{}\u00a0\u00bb][et_pb_row admin_label=\u00a0\u00bbrow\u00a0\u00bb _builder_version=\u00a0\u00bb4.16&Prime; background_size=\u00a0\u00bbinitial\u00a0\u00bb background_position=\u00a0\u00bbtop_left\u00a0\u00bb background_repeat=\u00a0\u00bbrepeat\u00a0\u00bb global_colors_info=\u00a0\u00bb{}\u00a0\u00bb][et_pb_column type=\u00a0\u00bb4_4&Prime; _builder_version=\u00a0\u00bb4.16&Prime; custom_padding=\u00a0\u00bb|||\u00a0\u00bb global_colors_info=\u00a0\u00bb{}\u00a0\u00bb custom_padding__hover=\u00a0\u00bb|||\u00a0\u00bb][et_pb_text _builder_version=\u00a0\u00bb4.27.4&Prime; _module_preset=\u00a0\u00bbdefault\u00a0\u00bb]<h1 class=\"entry-title main_title\">Politique de confidentialit\u00e9<\/h1>\n<div class=\"entry-content\">\n<h3><a><span class=\"has-inline-color has-black-color\">1) Les donn\u00e9es collect\u00e9es<\/span><\/a><\/h3>\n<p>Nous collectons et utilisons uniquement les donn\u00e9es personnelles qui nous sont n\u00e9cessaires dans le cadre de notre activit\u00e9. Ce sont les informations de contact telles que nom, pr\u00e9nom, adresse postale et \u00e9lectronique, num\u00e9ro de t\u00e9l\u00e9phone.<\/p>\n<h3><a><span class=\"has-inline-color has-black-color\">2) Utilisation des donn\u00e9es<\/span><\/a><\/h3>\n<p>Nous utilisons ces donn\u00e9es dans l\u2019optique de g\u00e9rer efficacement vos commandes et organiser les livraisons. Nous pouvons \u00e9galement utiliser ces donn\u00e9es dans le cas d\u2019actions de communication (courrier, mailing).<\/p>\n<h3><a><span class=\"has-inline-color has-black-color\">3) Dur\u00e9e de conservation de ces donn\u00e9es<\/span><\/a><\/h3>\n<p>Nous conservons vos donn\u00e9es personnelles pour la plus longue des dur\u00e9es n\u00e9cessaires \u00e0 la facilitation de la gestion de vos commandes futures et \u00e0 l\u2019envoi d\u2019emailing.<\/p>\n<h3><a><span class=\"has-inline-color has-black-color\">4) Partage et divulgation des donn\u00e9es<\/span><\/a><\/h3>\n<p>Cr\u00e9a Perche est le seul destinataire des donn\u00e9es collect\u00e9es.<span>\u00a0<\/span><strong>Nous ne transmettons pas vos donn\u00e9es \u00e0 des tiers.<\/strong><\/p>\n<h3><a><span class=\"has-inline-color has-black-color\">5) Mesures de s\u00e9curit\u00e9<\/span><\/a><\/h3>\n<p>Nous mettons tout en \u0153uvre pour prot\u00e9ger vos donn\u00e9es personnelles contre les dommages, perte, d\u00e9tournement, intrusion, divulgation, alt\u00e9ration ou destruction.<\/p>\n<p>Notre h\u00e9bergeur dispose d\u2019une infrastructure informatique s\u00e9curis\u00e9e et dot\u00e9e d\u2019une sauvegarde \u00e9lectronique des donn\u00e9es collect\u00e9es, conform\u00e9ment \u00e0 la l\u00e9gislation fran\u00e7aise en vigueur relatives \u00e0 la protection des donn\u00e9es personnelles.<\/p>\n<p>Toutefois, nous ne ma\u00eetrisons pas les risques li\u00e9s au fonctionnement d\u2019Internet et attirons votre attention sur l\u2019existence d\u2019\u00e9ventuels risques en termes de pertes ponctuelles de donn\u00e9es ou d\u2019atteinte \u00e0 la confidentialit\u00e9 des donn\u00e9es transitant via ce r\u00e9seau. Les informations propos\u00e9es sur le site pourront \u00eatre interrompues pour des cas de force majeure ou ind\u00e9pendants de notre volont\u00e9 ou de faits ne relevant pas de notre responsabilit\u00e9<em>.<\/em><\/p>\n<h3><a><span class=\"has-inline-color has-black-color\">6) Quels sont vos droits et de quelle mani\u00e8re pouvez-vous les exercer ?<\/span><\/a><\/h3>\n<p>Conform\u00e9ment \u00e0 la r\u00e9glementation applicable, vous disposez de diff\u00e9rents droits, \u00e0 savoir :<\/p>\n<ul>\n<li>Droit d\u2019acc\u00e8s : vous pouvez obtenir des informations concernant le traitement de vos donn\u00e9es personnelles ainsi qu\u2019une copie de ces donn\u00e9es personnelles.<\/li>\n<li>Droit de rectification : si vous estimez que vos donn\u00e9es personnelles sont inexactes ou incompl\u00e8tes, vous pouvez exiger que ces donn\u00e9es personnelles soient modifi\u00e9es en cons\u00e9quence.<\/li>\n<li>Droit \u00e0 l\u2019effacement : vous pouvez exiger l\u2019effacement de vos donn\u00e9es personnelles dans la limite de ce qui est permis par la r\u00e9glementation.<\/li>\n<li>Droit \u00e0 la limitation du traitement : vous pouvez demander la limitation de traitement de vos donn\u00e9es personnelles.<\/li>\n<li>Droit d\u2019opposition : vous pouvez vous opposer au traitement de vos donn\u00e9es personnelles, pour des motifs li\u00e9s \u00e0 votre situation particuli\u00e8re. Vous disposez du droit absolu de vous opposer au traitement de vos donn\u00e9es personnelles \u00e0 des fins de prospection commerciale, y compris le profilage li\u00e9 \u00e0 cette prospection.<\/li>\n<li>Droit \u00e0 la portabilit\u00e9 de vos donn\u00e9es, quand ce droit est applicable, vous avez le droit que les donn\u00e9es personnelles que vous nous avez fournies vous soient rendues ou, lorsque cela est possible, techniquement de les transf\u00e9rer \u00e0 un tiers.<\/li>\n<li>Droit de d\u00e9finir des directives relatives \u00e0 la conservation, l\u2019effacement ou la communication de vos donn\u00e9es personnelles, applicables apr\u00e8s votre d\u00e9c\u00e8s<\/li>\n<li>Droit de retirer votre consentement : si vous avez donn\u00e9 votre consentement au traitement de vos donn\u00e9es personnelles, vous avez le droit de retirer votre consentement \u00e0 tout moment.<\/li>\n<\/ul>\n<p>Vous pouvez exercer les droits list\u00e9s ci-dessus par email \u00e0 l\u2019adresse suivante : contact@\u200bcreaperche.fr.<\/p>\n<h3><a><span class=\"has-inline-color has-black-color\">7) Politique de donn\u00e9es personnelles relatives aux mineurs<\/span><\/a><\/h3>\n<p>Le site ne vise pas comme public les mineurs. L\u2019acc\u00e8s au site n\u2019est toutefois pas r\u00e9serv\u00e9 aux adultes car il ne pr\u00e9sente pas de contenus interdits aux mineurs.\u00a0<\/p>\n<h3><a><span class=\"has-inline-color has-black-color\">8) Mise \u00e0 jour de la politique de Donn\u00e9es Personnelles<\/span><\/a><\/h3>\n<p>Nous sommes susceptibles de modifier la pr\u00e9sente Politique de Confidentialit\u00e9.<br \/>Du fait de modification pouvant intervenir dans la Politique de Confidentialit\u00e9, nous vous invitons \u00e0 visiter r\u00e9guli\u00e8rement la rubrique \u00ab\u00a0Politique de confidentialit\u00e9\u00a0\u00bb.<\/p>\n<h3><a><span class=\"has-inline-color has-black-color\">9) Cookies<\/span><\/a><\/h3>\n<p>Lors de la consultation du site internet, des cookies peuvent \u00eatre utilis\u00e9s pour traiter des donn\u00e9es relatives \u00e0 votre exp\u00e9rience de navigation. Ces donn\u00e9es sont utilis\u00e9es pour am\u00e9liorer nos services et l\u2019utilisation du site internet.<\/p>\n<p>En continuant \u00e0 naviguer sur le Site, vous acceptez l\u2019utilisation des cookies suivants :<\/p>\n<ul>\n<li>Les cookies servant au bon fonctionnement du site. M\u00e9moriser les pr\u00e9f\u00e9rences d\u2019affichage (param\u00e8tres d\u2019affichage, langues) pour vos futures visites, les acc\u00e8s \u00e0 votre compte personnel (lorsque le site disposera d\u2019un espace membre et la liaison des pages entres elles pour assurer une navigation fluide).<\/li>\n<li>Les cookies de mesure d\u2019audience. Ils nous permettent de cr\u00e9er des statistiques de fr\u00e9quentation des pages en mesurant le nombre de visites sur chacune d\u2019elles, pour am\u00e9liorer notre service et d\u00e9tecter des dysfonctionnements.<\/li>\n<li>Les cookies sociaux. Le partage de contenus par les utilisateurs du site peut \u00eatre r\u00e9alis\u00e9 \u00e0 l\u2019aide d\u2019application tierces telle que \u00ab Facebook \u00bb. Ainsi les r\u00e9seaux sociaux fournissant l\u2019outil de partage sont susceptibles de vous identifier gr\u00e2ce \u00e0 leurs propres cookies.<\/li>\n<\/ul>\n<p>Vous pouvez d\u00e9sactiver compl\u00e8tement les cookies dans votre navigateur. Dans ce cas notre site ne fonctionnera plus normalement mais vous pourrez quand m\u00eame effectuer des actions basiques.<\/p>\n<h3><span class=\"has-inline-color has-black-color\">10) Commentaires<\/span><\/h3>\n<p>Quand vous laissez un commentaire sur notre site, les donn\u00e9es inscrites dans le formulaire de commentaire, mais aussi votre adresse IP et l\u2019agent utilisateur de votre navigateur sont collect\u00e9s pour nous aider \u00e0 la d\u00e9tection des commentaires ind\u00e9sirables.<\/p>\n<p>Une cha\u00eene anonymis\u00e9e cr\u00e9\u00e9e \u00e0 partir de votre adresse de messagerie (\u00e9galement appel\u00e9e hash) peut \u00eatre envoy\u00e9 au service Gravatar pour v\u00e9rifier si vous utilisez ce dernier. Les clauses de confidentialit\u00e9 du service Gravatar sont disponibles ici : https:\/\/automattic.com\/privacy\/. Apr\u00e8s validation de votre commentaire, votre photo de profil sera visible \u00e0 c\u00f4t\u00e9 de votre commentaire.<\/p>\n<\/div>\n<p><\/p>\n<h2 class=\"wp-block-heading\"><\/h2>\n<h2 class=\"wp-block-heading\"><\/h2>[\/et_pb_text][\/et_pb_column][\/et_pb_row][\/et_pb_section]","protected":false},"excerpt":{"rendered":"<p>Politique de confidentialit\u00e9 1) Les donn\u00e9es collect\u00e9es Nous collectons et utilisons uniquement les donn\u00e9es personnelles qui nous sont n\u00e9cessaires dans le cadre de notre activit\u00e9. Ce sont les informations de contact telles que nom, pr\u00e9nom, adresse postale et \u00e9lectronique, num\u00e9ro de t\u00e9l\u00e9phone. 2) Utilisation des donn\u00e9es Nous utilisons ces donn\u00e9es dans l\u2019optique de g\u00e9rer efficacement [&hellip;]<\/p>\n","protected":false},"author":2,"featured_media":0,"parent":0,"menu_order":0,"comment_status":"closed","ping_status":"closed","template":"","meta":{"_et_pb_use_builder":"on","_et_pb_old_content":"","_et_gb_content_width":"","footnotes":""},"class_list":["post-196","page","type-page","status-publish","hentry"],"yoast_head":"<!-- This site is optimized with the Yoast SEO plugin v27.0 - https:\/\/yoast.com\/product\/yoast-seo-wordpress\/ -->\n<title>Politique de confidentialit\u00e9 - Cr\u00e9a Perche<\/title>\n<meta name=\"robots\" content=\"index, follow, max-snippet:-1, max-image-preview:large, max-video-preview:-1\" \/>\n<link rel=\"canonical\" href=\"https:\/\/creaperche.fr\/index.php\/politique-de-confidentialite-2\/\" \/>\n<meta property=\"og:locale\" content=\"fr_FR\" \/>\n<meta property=\"og:type\" content=\"article\" \/>\n<meta property=\"og:title\" content=\"Politique de confidentialit\u00e9 - Cr\u00e9a Perche\" \/>\n<meta property=\"og:description\" content=\"Politique de confidentialit\u00e9 1) Les donn\u00e9es collect\u00e9es Nous collectons et utilisons uniquement les donn\u00e9es personnelles qui nous sont n\u00e9cessaires dans le cadre de notre activit\u00e9. Ce sont les informations de contact telles que nom, pr\u00e9nom, adresse postale et \u00e9lectronique, num\u00e9ro de t\u00e9l\u00e9phone. 2) Utilisation des donn\u00e9es Nous utilisons ces donn\u00e9es dans l\u2019optique de g\u00e9rer efficacement [&hellip;]\" \/>\n<meta property=\"og:url\" content=\"https:\/\/creaperche.fr\/index.php\/politique-de-confidentialite-2\/\" \/>\n<meta property=\"og:site_name\" content=\"Cr\u00e9a Perche\" \/>\n<meta property=\"article:modified_time\" content=\"2025-10-29T15:45:53+00:00\" \/>\n<meta property=\"og:image\" content=\"https:\/\/creaperche.fr\/wp-content\/uploads\/2025\/01\/logo-CreaPerche_512X512.png\" \/>\n\t<meta property=\"og:image:width\" content=\"512\" \/>\n\t<meta property=\"og:image:height\" content=\"512\" \/>\n\t<meta property=\"og:image:type\" content=\"image\/png\" \/>\n<meta name=\"twitter:card\" content=\"summary_large_image\" \/>\n<meta name=\"twitter:label1\" content=\"Dur\u00e9e de lecture estim\u00e9e\" \/>\n\t<meta name=\"twitter:data1\" content=\"5 minutes\" \/>\n<script type=\"application\/ld+json\" class=\"yoast-schema-graph\">{\"@context\":\"https:\/\/schema.org\",\"@graph\":[{\"@type\":\"WebPage\",\"@id\":\"https:\/\/creaperche.fr\/index.php\/politique-de-confidentialite-2\/\",\"url\":\"https:\/\/creaperche.fr\/index.php\/politique-de-confidentialite-2\/\",\"name\":\"Politique de confidentialit\u00e9 - Cr\u00e9a Perche\",\"isPartOf\":{\"@id\":\"https:\/\/creaperche.fr\/#website\"},\"datePublished\":\"2025-06-10T15:09:21+00:00\",\"dateModified\":\"2025-10-29T15:45:53+00:00\",\"breadcrumb\":{\"@id\":\"https:\/\/creaperche.fr\/index.php\/politique-de-confidentialite-2\/#breadcrumb\"},\"inLanguage\":\"fr-FR\",\"potentialAction\":[{\"@type\":\"ReadAction\",\"target\":[\"https:\/\/creaperche.fr\/index.php\/politique-de-confidentialite-2\/\"]}]},{\"@type\":\"BreadcrumbList\",\"@id\":\"https:\/\/creaperche.fr\/index.php\/politique-de-confidentialite-2\/#breadcrumb\",\"itemListElement\":[{\"@type\":\"ListItem\",\"position\":1,\"name\":\"Accueil\",\"item\":\"https:\/\/creaperche.fr\/\"},{\"@type\":\"ListItem\",\"position\":2,\"name\":\"Politique de confidentialit\u00e9\"}]},{\"@type\":\"WebSite\",\"@id\":\"https:\/\/creaperche.fr\/#website\",\"url\":\"https:\/\/creaperche.fr\/\",\"name\":\"Cr\u00e9a Perche\",\"description\":\"boutique de cr\u00e9ations bois personnalis\u00e9es\",\"publisher\":{\"@id\":\"https:\/\/creaperche.fr\/#organization\"},\"potentialAction\":[{\"@type\":\"SearchAction\",\"target\":{\"@type\":\"EntryPoint\",\"urlTemplate\":\"https:\/\/creaperche.fr\/?s={search_term_string}\"},\"query-input\":{\"@type\":\"PropertyValueSpecification\",\"valueRequired\":true,\"valueName\":\"search_term_string\"}}],\"inLanguage\":\"fr-FR\"},{\"@type\":\"Organization\",\"@id\":\"https:\/\/creaperche.fr\/#organization\",\"name\":\"Cr\u00e9a Perche\",\"url\":\"https:\/\/creaperche.fr\/\",\"logo\":{\"@type\":\"ImageObject\",\"inLanguage\":\"fr-FR\",\"@id\":\"https:\/\/creaperche.fr\/#\/schema\/logo\/image\/\",\"url\":\"https:\/\/creaperche.fr\/wp-content\/uploads\/2025\/01\/logo-CreaPerche_512X512.png\",\"contentUrl\":\"https:\/\/creaperche.fr\/wp-content\/uploads\/2025\/01\/logo-CreaPerche_512X512.png\",\"width\":512,\"height\":512,\"caption\":\"Cr\u00e9a Perche\"},\"image\":{\"@id\":\"https:\/\/creaperche.fr\/#\/schema\/logo\/image\/\"}}]}<\/script>\n<!-- \/ Yoast SEO plugin. -->","yoast_head_json":{"title":"Politique de confidentialit\u00e9 - Cr\u00e9a Perche","robots":{"index":"index","follow":"follow","max-snippet":"max-snippet:-1","max-image-preview":"max-image-preview:large","max-video-preview":"max-video-preview:-1"},"canonical":"https:\/\/creaperche.fr\/index.php\/politique-de-confidentialite-2\/","og_locale":"fr_FR","og_type":"article","og_title":"Politique de confidentialit\u00e9 - Cr\u00e9a Perche","og_description":"Politique de confidentialit\u00e9 1) Les donn\u00e9es collect\u00e9es Nous collectons et utilisons uniquement les donn\u00e9es personnelles qui nous sont n\u00e9cessaires dans le cadre de notre activit\u00e9. Ce sont les informations de contact telles que nom, pr\u00e9nom, adresse postale et \u00e9lectronique, num\u00e9ro de t\u00e9l\u00e9phone. 2) Utilisation des donn\u00e9es Nous utilisons ces donn\u00e9es dans l\u2019optique de g\u00e9rer efficacement [&hellip;]","og_url":"https:\/\/creaperche.fr\/index.php\/politique-de-confidentialite-2\/","og_site_name":"Cr\u00e9a Perche","article_modified_time":"2025-10-29T15:45:53+00:00","og_image":[{"width":512,"height":512,"url":"https:\/\/creaperche.fr\/wp-content\/uploads\/2025\/01\/logo-CreaPerche_512X512.png","type":"image\/png"}],"twitter_card":"summary_large_image","twitter_misc":{"Dur\u00e9e de lecture estim\u00e9e":"5 minutes"},"schema":{"@context":"https:\/\/schema.org","@graph":[{"@type":"WebPage","@id":"https:\/\/creaperche.fr\/index.php\/politique-de-confidentialite-2\/","url":"https:\/\/creaperche.fr\/index.php\/politique-de-confidentialite-2\/","name":"Politique de confidentialit\u00e9 - Cr\u00e9a Perche","isPartOf":{"@id":"https:\/\/creaperche.fr\/#website"},"datePublished":"2025-06-10T15:09:21+00:00","dateModified":"2025-10-29T15:45:53+00:00","breadcrumb":{"@id":"https:\/\/creaperche.fr\/index.php\/politique-de-confidentialite-2\/#breadcrumb"},"inLanguage":"fr-FR","potentialAction":[{"@type":"ReadAction","target":["https:\/\/creaperche.fr\/index.php\/politique-de-confidentialite-2\/"]}]},{"@type":"BreadcrumbList","@id":"https:\/\/creaperche.fr\/index.php\/politique-de-confidentialite-2\/#breadcrumb","itemListElement":[{"@type":"ListItem","position":1,"name":"Accueil","item":"https:\/\/creaperche.fr\/"},{"@type":"ListItem","position":2,"name":"Politique de confidentialit\u00e9"}]},{"@type":"WebSite","@id":"https:\/\/creaperche.fr\/#website","url":"https:\/\/creaperche.fr\/","name":"Cr\u00e9a Perche","description":"boutique de cr\u00e9ations bois personnalis\u00e9es","publisher":{"@id":"https:\/\/creaperche.fr\/#organization"},"potentialAction":[{"@type":"SearchAction","target":{"@type":"EntryPoint","urlTemplate":"https:\/\/creaperche.fr\/?s={search_term_string}"},"query-input":{"@type":"PropertyValueSpecification","valueRequired":true,"valueName":"search_term_string"}}],"inLanguage":"fr-FR"},{"@type":"Organization","@id":"https:\/\/creaperche.fr\/#organization","name":"Cr\u00e9a Perche","url":"https:\/\/creaperche.fr\/","logo":{"@type":"ImageObject","inLanguage":"fr-FR","@id":"https:\/\/creaperche.fr\/#\/schema\/logo\/image\/","url":"https:\/\/creaperche.fr\/wp-content\/uploads\/2025\/01\/logo-CreaPerche_512X512.png","contentUrl":"https:\/\/creaperche.fr\/wp-content\/uploads\/2025\/01\/logo-CreaPerche_512X512.png","width":512,"height":512,"caption":"Cr\u00e9a Perche"},"image":{"@id":"https:\/\/creaperche.fr\/#\/schema\/logo\/image\/"}}]}},"jetpack_sharing_enabled":true,"_links":{"self":[{"href":"https:\/\/creaperche.fr\/index.php\/wp-json\/wp\/v2\/pages\/196","targetHints":{"allow":["GET"]}}],"collection":[{"href":"https:\/\/creaperche.fr\/index.php\/wp-json\/wp\/v2\/pages"}],"about":[{"href":"https:\/\/creaperche.fr\/index.php\/wp-json\/wp\/v2\/types\/page"}],"author":[{"embeddable":true,"href":"https:\/\/creaperche.fr\/index.php\/wp-json\/wp\/v2\/users\/2"}],"replies":[{"embeddable":true,"href":"https:\/\/creaperche.fr\/index.php\/wp-json\/wp\/v2\/comments?post=196"}],"version-history":[{"count":3,"href":"https:\/\/creaperche.fr\/index.php\/wp-json\/wp\/v2\/pages\/196\/revisions"}],"predecessor-version":[{"id":1031,"href":"https:\/\/creaperche.fr\/index.php\/wp-json\/wp\/v2\/pages\/196\/revisions\/1031"}],"wp:attachment":[{"href":"https:\/\/creaperche.fr\/index.php\/wp-json\/wp\/v2\/media?parent=196"}],"curies":[{"name":"wp","href":"https:\/\/api.w.org\/{rel}","templated":true}]}}