{"id":195,"date":"2025-06-10T17:09:21","date_gmt":"2025-06-10T15:09:21","guid":{"rendered":"https:\/\/creaperche.fr\/?page_id=195"},"modified":"2025-10-29T16:38:19","modified_gmt":"2025-10-29T15:38:19","slug":"mentions-legales","status":"publish","type":"page","link":"https:\/\/creaperche.fr\/index.php\/mentions-legales\/","title":{"rendered":"Mentions l\u00e9gales"},"content":{"rendered":"<p>[et_pb_section fb_built=\u00a0\u00bb1&Prime; admin_label=\u00a0\u00bbsection\u00a0\u00bb _builder_version=\u00a0\u00bb4.16&Prime; global_colors_info=\u00a0\u00bb{}\u00a0\u00bb][et_pb_row admin_label=\u00a0\u00bbrow\u00a0\u00bb _builder_version=\u00a0\u00bb4.16&Prime; background_size=\u00a0\u00bbinitial\u00a0\u00bb background_position=\u00a0\u00bbtop_left\u00a0\u00bb background_repeat=\u00a0\u00bbrepeat\u00a0\u00bb global_colors_info=\u00a0\u00bb{}\u00a0\u00bb][et_pb_column type=\u00a0\u00bb4_4&Prime; _builder_version=\u00a0\u00bb4.16&Prime; custom_padding=\u00a0\u00bb|||\u00a0\u00bb global_colors_info=\u00a0\u00bb{}\u00a0\u00bb custom_padding__hover=\u00a0\u00bb|||\u00a0\u00bb][et_pb_text _builder_version=\u00a0\u00bb4.27.4&Prime; _module_preset=\u00a0\u00bbdefault\u00a0\u00bb hover_enabled=\u00a0\u00bb0&Prime; sticky_enabled=\u00a0\u00bb0&Prime;]<\/p>\n<p>L\u2019adresse de notre site Web est :<a href=\"\u00a0https:\/\/creaperche.fr\"><span>\u00a0<\/span>http<span>s:\/\/creaperche.fr<\/span><\/a><\/p>\n<ul>\n<li><strong>Editeur<\/strong><span>\u00a0<\/span>du site\u00a0: entreprise individuelle B\u00e9atrice TRUBERT dont le si\u00e8ge social est situ\u00e9 au lieu-dit \u00ab\u00a0La D\u00e9tourbe\u00a0\u00bb \u2013 La Perri\u00e8re 61360 BELFOR\u00caT-EN-PERCHE<\/li>\n<\/ul>\n<p>Immatricul\u00e9e au RCS d\u2019Alen\u00e7on sous le num\u00e9ro 844\u00a0068\u00a0254.<\/p>\n<p>N\u00b0 de TVA Intracommunautaire : FR 83 844 068 254<\/p>\n<ul>\n<li><strong>Responsable<\/strong><span>\u00a0<\/span>de la publication : B\u00e9atrice TRUBERT \u2013 contact@\u200bcreaperche.fr<\/li>\n<\/ul>\n<ul>\n<li><strong>Conception<\/strong><span>\u00a0<\/span>du site Internet : B\u00e9atrice TRUBERT<\/li>\n<\/ul>\n<ul>\n<li><strong>H\u00e9bergement<\/strong><span>\u00a0<\/span>du site Internet : OVH \u2013 Si\u00e8ge social : 2 rue Kellermann \u2013 59100 Roubaix \u2013 France.<\/li>\n<\/ul>\n<p>[\/et_pb_text][\/et_pb_column][\/et_pb_row][\/et_pb_section]<\/p>\n","protected":false},"excerpt":{"rendered":"<p>L\u2019adresse de notre site Web est :\u00a0https:\/\/creaperche.fr Editeur\u00a0du site\u00a0: entreprise individuelle B\u00e9atrice TRUBERT dont le si\u00e8ge social est situ\u00e9 au lieu-dit \u00ab\u00a0La D\u00e9tourbe\u00a0\u00bb \u2013 La Perri\u00e8re 61360 BELFOR\u00caT-EN-PERCHE Immatricul\u00e9e au RCS d\u2019Alen\u00e7on sous le num\u00e9ro 844\u00a0068\u00a0254. N\u00b0 de TVA Intracommunautaire : FR 83 844 068 254 Responsable\u00a0de la publication : B\u00e9atrice TRUBERT \u2013 contact@\u200bcreaperche.fr Conception\u00a0du [&hellip;]<\/p>\n","protected":false},"author":2,"featured_media":0,"parent":0,"menu_order":0,"comment_status":"closed","ping_status":"closed","template":"","meta":{"_et_pb_use_builder":"on","_et_pb_old_content":"","_et_gb_content_width":"","footnotes":""},"class_list":["post-195","page","type-page","status-publish","hentry"],"yoast_head":"<!-- This site is optimized with the Yoast SEO plugin v27.0 - https:\/\/yoast.com\/product\/yoast-seo-wordpress\/ -->\n<title>Mentions l\u00e9gales - Cr\u00e9a Perche<\/title>\n<meta name=\"robots\" content=\"index, follow, max-snippet:-1, max-image-preview:large, max-video-preview:-1\" \/>\n<link rel=\"canonical\" href=\"https:\/\/creaperche.fr\/index.php\/mentions-legales\/\" \/>\n<meta property=\"og:locale\" content=\"fr_FR\" \/>\n<meta property=\"og:type\" content=\"article\" \/>\n<meta property=\"og:title\" content=\"Mentions l\u00e9gales - Cr\u00e9a Perche\" \/>\n<meta property=\"og:description\" content=\"L\u2019adresse de notre site Web est :\u00a0https:\/\/creaperche.fr Editeur\u00a0du site\u00a0: entreprise individuelle B\u00e9atrice TRUBERT dont le si\u00e8ge social est situ\u00e9 au lieu-dit \u00ab\u00a0La D\u00e9tourbe\u00a0\u00bb \u2013 La Perri\u00e8re 61360 BELFOR\u00caT-EN-PERCHE Immatricul\u00e9e au RCS d\u2019Alen\u00e7on sous le num\u00e9ro 844\u00a0068\u00a0254. N\u00b0 de TVA Intracommunautaire : FR 83 844 068 254 Responsable\u00a0de la publication : B\u00e9atrice TRUBERT \u2013 contact@\u200bcreaperche.fr Conception\u00a0du [&hellip;]\" \/>\n<meta property=\"og:url\" content=\"https:\/\/creaperche.fr\/index.php\/mentions-legales\/\" \/>\n<meta property=\"og:site_name\" content=\"Cr\u00e9a Perche\" \/>\n<meta property=\"article:modified_time\" content=\"2025-10-29T15:38:19+00:00\" \/>\n<meta property=\"og:image\" content=\"https:\/\/creaperche.fr\/wp-content\/uploads\/2025\/01\/logo-CreaPerche_512X512.png\" \/>\n\t<meta property=\"og:image:width\" content=\"512\" \/>\n\t<meta property=\"og:image:height\" content=\"512\" \/>\n\t<meta property=\"og:image:type\" content=\"image\/png\" \/>\n<meta name=\"twitter:card\" content=\"summary_large_image\" \/>\n<meta name=\"twitter:label1\" content=\"Dur\u00e9e de lecture estim\u00e9e\" \/>\n\t<meta name=\"twitter:data1\" content=\"1 minute\" \/>\n<script type=\"application\/ld+json\" class=\"yoast-schema-graph\">{\"@context\":\"https:\/\/schema.org\",\"@graph\":[{\"@type\":\"WebPage\",\"@id\":\"https:\/\/creaperche.fr\/index.php\/mentions-legales\/\",\"url\":\"https:\/\/creaperche.fr\/index.php\/mentions-legales\/\",\"name\":\"Mentions l\u00e9gales - Cr\u00e9a Perche\",\"isPartOf\":{\"@id\":\"https:\/\/creaperche.fr\/#website\"},\"datePublished\":\"2025-06-10T15:09:21+00:00\",\"dateModified\":\"2025-10-29T15:38:19+00:00\",\"breadcrumb\":{\"@id\":\"https:\/\/creaperche.fr\/index.php\/mentions-legales\/#breadcrumb\"},\"inLanguage\":\"fr-FR\",\"potentialAction\":[{\"@type\":\"ReadAction\",\"target\":[\"https:\/\/creaperche.fr\/index.php\/mentions-legales\/\"]}]},{\"@type\":\"BreadcrumbList\",\"@id\":\"https:\/\/creaperche.fr\/index.php\/mentions-legales\/#breadcrumb\",\"itemListElement\":[{\"@type\":\"ListItem\",\"position\":1,\"name\":\"Accueil\",\"item\":\"https:\/\/creaperche.fr\/\"},{\"@type\":\"ListItem\",\"position\":2,\"name\":\"Mentions l\u00e9gales\"}]},{\"@type\":\"WebSite\",\"@id\":\"https:\/\/creaperche.fr\/#website\",\"url\":\"https:\/\/creaperche.fr\/\",\"name\":\"Cr\u00e9a Perche\",\"description\":\"boutique de cr\u00e9ations bois personnalis\u00e9es\",\"publisher\":{\"@id\":\"https:\/\/creaperche.fr\/#organization\"},\"potentialAction\":[{\"@type\":\"SearchAction\",\"target\":{\"@type\":\"EntryPoint\",\"urlTemplate\":\"https:\/\/creaperche.fr\/?s={search_term_string}\"},\"query-input\":{\"@type\":\"PropertyValueSpecification\",\"valueRequired\":true,\"valueName\":\"search_term_string\"}}],\"inLanguage\":\"fr-FR\"},{\"@type\":\"Organization\",\"@id\":\"https:\/\/creaperche.fr\/#organization\",\"name\":\"Cr\u00e9a Perche\",\"url\":\"https:\/\/creaperche.fr\/\",\"logo\":{\"@type\":\"ImageObject\",\"inLanguage\":\"fr-FR\",\"@id\":\"https:\/\/creaperche.fr\/#\/schema\/logo\/image\/\",\"url\":\"https:\/\/creaperche.fr\/wp-content\/uploads\/2025\/01\/logo-CreaPerche_512X512.png\",\"contentUrl\":\"https:\/\/creaperche.fr\/wp-content\/uploads\/2025\/01\/logo-CreaPerche_512X512.png\",\"width\":512,\"height\":512,\"caption\":\"Cr\u00e9a Perche\"},\"image\":{\"@id\":\"https:\/\/creaperche.fr\/#\/schema\/logo\/image\/\"}}]}<\/script>\n<!-- \/ Yoast SEO plugin. -->","yoast_head_json":{"title":"Mentions l\u00e9gales - Cr\u00e9a Perche","robots":{"index":"index","follow":"follow","max-snippet":"max-snippet:-1","max-image-preview":"max-image-preview:large","max-video-preview":"max-video-preview:-1"},"canonical":"https:\/\/creaperche.fr\/index.php\/mentions-legales\/","og_locale":"fr_FR","og_type":"article","og_title":"Mentions l\u00e9gales - Cr\u00e9a Perche","og_description":"L\u2019adresse de notre site Web est :\u00a0https:\/\/creaperche.fr Editeur\u00a0du site\u00a0: entreprise individuelle B\u00e9atrice TRUBERT dont le si\u00e8ge social est situ\u00e9 au lieu-dit \u00ab\u00a0La D\u00e9tourbe\u00a0\u00bb \u2013 La Perri\u00e8re 61360 BELFOR\u00caT-EN-PERCHE Immatricul\u00e9e au RCS d\u2019Alen\u00e7on sous le num\u00e9ro 844\u00a0068\u00a0254. N\u00b0 de TVA Intracommunautaire : FR 83 844 068 254 Responsable\u00a0de la publication : B\u00e9atrice TRUBERT \u2013 contact@\u200bcreaperche.fr Conception\u00a0du [&hellip;]","og_url":"https:\/\/creaperche.fr\/index.php\/mentions-legales\/","og_site_name":"Cr\u00e9a Perche","article_modified_time":"2025-10-29T15:38:19+00:00","og_image":[{"width":512,"height":512,"url":"https:\/\/creaperche.fr\/wp-content\/uploads\/2025\/01\/logo-CreaPerche_512X512.png","type":"image\/png"}],"twitter_card":"summary_large_image","twitter_misc":{"Dur\u00e9e de lecture estim\u00e9e":"1 minute"},"schema":{"@context":"https:\/\/schema.org","@graph":[{"@type":"WebPage","@id":"https:\/\/creaperche.fr\/index.php\/mentions-legales\/","url":"https:\/\/creaperche.fr\/index.php\/mentions-legales\/","name":"Mentions l\u00e9gales - Cr\u00e9a Perche","isPartOf":{"@id":"https:\/\/creaperche.fr\/#website"},"datePublished":"2025-06-10T15:09:21+00:00","dateModified":"2025-10-29T15:38:19+00:00","breadcrumb":{"@id":"https:\/\/creaperche.fr\/index.php\/mentions-legales\/#breadcrumb"},"inLanguage":"fr-FR","potentialAction":[{"@type":"ReadAction","target":["https:\/\/creaperche.fr\/index.php\/mentions-legales\/"]}]},{"@type":"BreadcrumbList","@id":"https:\/\/creaperche.fr\/index.php\/mentions-legales\/#breadcrumb","itemListElement":[{"@type":"ListItem","position":1,"name":"Accueil","item":"https:\/\/creaperche.fr\/"},{"@type":"ListItem","position":2,"name":"Mentions l\u00e9gales"}]},{"@type":"WebSite","@id":"https:\/\/creaperche.fr\/#website","url":"https:\/\/creaperche.fr\/","name":"Cr\u00e9a Perche","description":"boutique de cr\u00e9ations bois personnalis\u00e9es","publisher":{"@id":"https:\/\/creaperche.fr\/#organization"},"potentialAction":[{"@type":"SearchAction","target":{"@type":"EntryPoint","urlTemplate":"https:\/\/creaperche.fr\/?s={search_term_string}"},"query-input":{"@type":"PropertyValueSpecification","valueRequired":true,"valueName":"search_term_string"}}],"inLanguage":"fr-FR"},{"@type":"Organization","@id":"https:\/\/creaperche.fr\/#organization","name":"Cr\u00e9a Perche","url":"https:\/\/creaperche.fr\/","logo":{"@type":"ImageObject","inLanguage":"fr-FR","@id":"https:\/\/creaperche.fr\/#\/schema\/logo\/image\/","url":"https:\/\/creaperche.fr\/wp-content\/uploads\/2025\/01\/logo-CreaPerche_512X512.png","contentUrl":"https:\/\/creaperche.fr\/wp-content\/uploads\/2025\/01\/logo-CreaPerche_512X512.png","width":512,"height":512,"caption":"Cr\u00e9a Perche"},"image":{"@id":"https:\/\/creaperche.fr\/#\/schema\/logo\/image\/"}}]}},"jetpack_sharing_enabled":true,"_links":{"self":[{"href":"https:\/\/creaperche.fr\/index.php\/wp-json\/wp\/v2\/pages\/195","targetHints":{"allow":["GET"]}}],"collection":[{"href":"https:\/\/creaperche.fr\/index.php\/wp-json\/wp\/v2\/pages"}],"about":[{"href":"https:\/\/creaperche.fr\/index.php\/wp-json\/wp\/v2\/types\/page"}],"author":[{"embeddable":true,"href":"https:\/\/creaperche.fr\/index.php\/wp-json\/wp\/v2\/users\/2"}],"replies":[{"embeddable":true,"href":"https:\/\/creaperche.fr\/index.php\/wp-json\/wp\/v2\/comments?post=195"}],"version-history":[{"count":3,"href":"https:\/\/creaperche.fr\/index.php\/wp-json\/wp\/v2\/pages\/195\/revisions"}],"predecessor-version":[{"id":1026,"href":"https:\/\/creaperche.fr\/index.php\/wp-json\/wp\/v2\/pages\/195\/revisions\/1026"}],"wp:attachment":[{"href":"https:\/\/creaperche.fr\/index.php\/wp-json\/wp\/v2\/media?parent=195"}],"curies":[{"name":"wp","href":"https:\/\/api.w.org\/{rel}","templated":true}]}}